{"id":229,"date":"2017-03-18T05:10:14","date_gmt":"2017-03-18T05:10:14","guid":{"rendered":"http:\/\/rdweddings.conteadinizza.it\/wordpress\/?page_id=229\/"},"modified":"2017-08-04T08:50:25","modified_gmt":"2017-08-04T08:50:25","slug":"bodas-en-liguria-en-edificios-historicos","status":"publish","type":"page","link":"https:\/\/weddings.rivieradivina.it\/es\/bodas-en-liguria-en-edificios-historicos\/","title":{"rendered":"Wedding planner Liguria: Bodas en Liguria"},"content":{"rendered":"<h2>Weddign Planner Liguria: conf\u00ede en nuestro servicio de organizaci\u00f3n de bodas para planificar con el m\u00e1ximo cuidado posible su boda en la Rivera de las flores.<\/h2>\n<p>Un escenario de ensue\u00f1o para su gran d\u00eda:<br \/>\nuna <strong>villa hist\u00f3rica<\/strong> rodeada por un jard\u00edn exuberante,<br \/>\nun <strong>edificio antiguo<\/strong> en un pueblo medieval a orillas del mar,<br \/>\nuna <strong>iglesia inglesa<\/strong> de atm\u00f3sfera aristocr\u00e1tica,<br \/>\nun <strong>castillo<\/strong> en un entorno incomparable&#8230;<\/p>\n<p>Todo esto puede ofrecerle la Rivera de las flores, con sus paisajes, su patrimonio cultural y su pasado cosmopolita.<\/p>\n","protected":false},"excerpt":{"rendered":"<p>Weddign Planner Liguria: conf\u00ede en nuestro servicio de organizaci\u00f3n de bodas para planificar con el m\u00e1ximo cuidado posible su boda en la Rivera de las flores. Un escenario de ensue\u00f1o para su gran d\u00eda: una villa hist\u00f3rica rodeada por un jard\u00edn exuberante, un edificio antiguo en un pueblo medieval a orillas del mar, una iglesia [&hellip;]<\/p>\n","protected":false},"author":2,"featured_media":0,"parent":0,"menu_order":0,"comment_status":"closed","ping_status":"closed","template":"template-slider.php","meta":{"_acf_changed":false,"_et_pb_use_builder":"","_et_pb_old_content":"","_et_gb_content_width":"","footnotes":""},"class_list":["post-229","page","type-page","status-publish","hentry"],"acf":[],"_links":{"self":[{"href":"https:\/\/weddings.rivieradivina.it\/es\/wp-json\/wp\/v2\/pages\/229","targetHints":{"allow":["GET"]}}],"collection":[{"href":"https:\/\/weddings.rivieradivina.it\/es\/wp-json\/wp\/v2\/pages"}],"about":[{"href":"https:\/\/weddings.rivieradivina.it\/es\/wp-json\/wp\/v2\/types\/page"}],"author":[{"embeddable":true,"href":"https:\/\/weddings.rivieradivina.it\/es\/wp-json\/wp\/v2\/users\/2"}],"replies":[{"embeddable":true,"href":"https:\/\/weddings.rivieradivina.it\/es\/wp-json\/wp\/v2\/comments?post=229"}],"version-history":[{"count":2,"href":"https:\/\/weddings.rivieradivina.it\/es\/wp-json\/wp\/v2\/pages\/229\/revisions"}],"predecessor-version":[{"id":1306,"href":"https:\/\/weddings.rivieradivina.it\/es\/wp-json\/wp\/v2\/pages\/229\/revisions\/1306"}],"wp:attachment":[{"href":"https:\/\/weddings.rivieradivina.it\/es\/wp-json\/wp\/v2\/media?parent=229"}],"curies":[{"name":"wp","href":"https:\/\/api.w.org\/{rel}","templated":true}]}}