{"id":204,"date":"2017-03-18T04:57:33","date_gmt":"2017-03-18T04:57:33","guid":{"rendered":"http:\/\/rdweddings.conteadinizza.it\/wordpress\/?page_id=204\/"},"modified":"2021-11-01T11:50:26","modified_gmt":"2021-11-01T11:50:26","slug":"organize-wedding-liguria-italian-riviera","status":"publish","type":"page","link":"https:\/\/weddings.rivieradivina.it\/fr\/organize-wedding-liguria-italian-riviera\/","title":{"rendered":"Qui sommes-nous: Riviera Divina Weddings"},"content":{"rendered":"<p>[et_pb_section fb_built=&#8221;1&#8243; _builder_version=&#8221;4.10.5&#8243; hover_enabled=&#8221;0&#8243; global_colors_info=&#8221;{}&#8221; custom_padding=&#8221;54px||54px||true|false&#8221; sticky_enabled=&#8221;0&#8243;][et_pb_row column_structure=&#8221;1_2,1_2&#8243; use_custom_gutter=&#8221;on&#8221; gutter_width=&#8221;1&#8243; _builder_version=&#8221;4.10.5&#8243; background_size=&#8221;initial&#8221; background_position=&#8221;top_left&#8221; background_repeat=&#8221;repeat&#8221; hover_enabled=&#8221;0&#8243; global_colors_info=&#8221;{}&#8221; custom_margin=&#8221;0px||0px||false|false&#8221; sticky_enabled=&#8221;0&#8243; custom_padding=&#8221;27px||27px||true|false&#8221;][et_pb_column type=&#8221;1_2&#8243; _builder_version=&#8221;3.25&#8243; custom_padding=&#8221;|||&#8221; global_colors_info=&#8221;{}&#8221; custom_padding__hover=&#8221;|||&#8221;][et_pb_image src=&#8221;https:\/\/weddings.rivieradivina.it\/wp-content\/uploads\/2021\/10\/1083144895301332992.png&#8221; title_text=&#8221;1083144895301332992&#8243; _builder_version=&#8221;4.10.5&#8243; _module_preset=&#8221;default&#8221; width=&#8221;83%&#8221; width_tablet=&#8221;&#8221; width_phone=&#8221;&#8221; width_last_edited=&#8221;on|desktop&#8221; global_colors_info=&#8221;{}&#8221;][\/et_pb_image][\/et_pb_column][et_pb_column type=&#8221;1_2&#8243; _builder_version=&#8221;4.10.5&#8243; _module_preset=&#8221;default&#8221; global_colors_info=&#8221;{}&#8221;][et_pb_text _builder_version=&#8221;4.10.5&#8243; text_font_size=&#8221;13px&#8221; link_font_size=&#8221;13px&#8221; header_text_color=&#8221;#c3512f&#8221; header_2_text_color=&#8221;#c3512f&#8221; header_2_font_size=&#8221;22px&#8221; background_size=&#8221;initial&#8221; background_position=&#8221;top_left&#8221; background_repeat=&#8221;repeat&#8221; hover_enabled=&#8221;0&#8243; global_colors_info=&#8221;{}&#8221; sticky_enabled=&#8221;0&#8243;]<\/p>\n<h2>Sposarsi in Liguria e organizzare il matrimonio con Riviera Divina Wedding Planner<\/h2>\n<p>&nbsp;<\/p>\n<p><strong>Riviera Divina Weddings<\/strong> \u00e8 un progetto nato per organizzare matrimoni in Liguria con una formula innovativa, che valorizzi la cornice straordinaria offerta per sposarsi nella Riviera dei Fiori.<\/p>\n<p>La nostra Agenzia si avvale di un team di esperti che si impegna a rendere speciale il giorno pi\u00f9 bello. Con i nostri collaboratori, altamente qualificati e professionali, siamo in grado di garantire la migliore riuscita del vostro matrimonio in Liguria.<\/p>\n<p>Un matrimonio in Riviera ha tutti gli ingredienti per diventare un evento eccezionale: splendide location d\u2019epoca, palazzi storici, ambientazioni esclusive e servizi di alta qualit\u00e0: dagli addobbi floreali alla gastronomia.<br \/>Tutta l\u2019alta tradizione di ospitalit\u00e0 che da oltre un secolo caratterizza la Riviera dei Fiori \u00e8 al vostro servizio per darvi tutto ci\u00f2 che desiderate per il giorno delle vostre nozze.<\/p>\n<p>&nbsp;<\/p>\n<p>INFORMAZIONI LEGALI<\/p>\n<ul>\n<li><a href=\"https:\/\/www.iubenda.com\/privacy-policy\/686668\" target=\"_blank\" rel=\"noopener noreferrer\">Privacy and Cookie Policy<\/a><\/li>\n<li><a href=\"http:\/\/www.nyalatravel.com\/dati-societari\/\" target=\"_blank\" rel=\"noopener noreferrer\">Dati Societari<\/a><\/li>\n<li><a href=\"http:\/\/weddings.rivieradivina.it\/photo-credits\/\">Photo Credits<\/a><\/li>\n<\/ul>\n<p>[\/et_pb_text][\/et_pb_column][\/et_pb_row][\/et_pb_section]<\/p>\n","protected":false},"excerpt":{"rendered":"<p>Sposarsi in Liguria e organizzare il matrimonio con Riviera Divina Wedding Planner &nbsp; Riviera Divina Weddings \u00e8 un progetto nato per organizzare matrimoni in Liguria con una formula innovativa, che valorizzi la cornice straordinaria offerta per sposarsi nella Riviera dei Fiori. La nostra Agenzia si avvale di un team di esperti che si impegna a [&hellip;]<\/p>\n","protected":false},"author":3,"featured_media":0,"parent":0,"menu_order":0,"comment_status":"closed","ping_status":"closed","template":"","meta":{"_acf_changed":false,"_et_pb_use_builder":"on","_et_pb_old_content":"","_et_gb_content_width":"","footnotes":""},"class_list":["post-204","page","type-page","status-publish","hentry"],"acf":[],"_links":{"self":[{"href":"https:\/\/weddings.rivieradivina.it\/fr\/wp-json\/wp\/v2\/pages\/204","targetHints":{"allow":["GET"]}}],"collection":[{"href":"https:\/\/weddings.rivieradivina.it\/fr\/wp-json\/wp\/v2\/pages"}],"about":[{"href":"https:\/\/weddings.rivieradivina.it\/fr\/wp-json\/wp\/v2\/types\/page"}],"author":[{"embeddable":true,"href":"https:\/\/weddings.rivieradivina.it\/fr\/wp-json\/wp\/v2\/users\/3"}],"replies":[{"embeddable":true,"href":"https:\/\/weddings.rivieradivina.it\/fr\/wp-json\/wp\/v2\/comments?post=204"}],"version-history":[{"count":10,"href":"https:\/\/weddings.rivieradivina.it\/fr\/wp-json\/wp\/v2\/pages\/204\/revisions"}],"predecessor-version":[{"id":3454,"href":"https:\/\/weddings.rivieradivina.it\/fr\/wp-json\/wp\/v2\/pages\/204\/revisions\/3454"}],"wp:attachment":[{"href":"https:\/\/weddings.rivieradivina.it\/fr\/wp-json\/wp\/v2\/media?parent=204"}],"curies":[{"name":"wp","href":"https:\/\/api.w.org\/{rel}","templated":true}]}}