{"id":222,"date":"2017-03-18T05:08:23","date_gmt":"2017-03-18T05:08:23","guid":{"rendered":"http:\/\/rdweddings.conteadinizza.it\/wordpress\/?page_id=222\/"},"modified":"2017-08-04T08:42:58","modified_gmt":"2017-08-04T08:42:58","slug":"mariages-en-ligurie-dans-le-cadre-dune-demeure-historique","status":"publish","type":"page","link":"https:\/\/weddings.rivieradivina.it\/fr\/mariages-en-ligurie-dans-le-cadre-dune-demeure-historique\/","title":{"rendered":"Wedding Planner en Ligurie: se marier dans une demeure historique"},"content":{"rendered":"<h2>Mariages en Ligurie: choisissez notre service de wedding planner en Ligurie pour r\u00e9aliser votre mariage dans la Riviera des Fleurs selon vos r\u00eaves.<\/h2>\n<p>Une ambiance de r\u00eave pour le jour le plus beau de votre vie:<br \/>\nUne demeure historique entour\u00e9e d\u2019un jardin luxuriant<br \/>\nUn ancien palais au coeur d\u2019un village m\u00e9di\u00e9val<br \/>\nUne \u00c8glise au charme aristocratique de l\u2019ancienne colonie anglaise de la Riviera<br \/>\nL&#8217;incomparable d\u00e9cor d&#8217;un chateau<br \/>\nVoici ce que la Riviera des Fleurs vous offre avec ses paysages, sa culture, son pass\u00e9 cosmopolite.<\/p>\n","protected":false},"excerpt":{"rendered":"<p>Mariages en Ligurie: choisissez notre service de wedding planner en Ligurie pour r\u00e9aliser votre mariage dans la Riviera des Fleurs selon vos r\u00eaves. Une ambiance de r\u00eave pour le jour le plus beau de votre vie: Une demeure historique entour\u00e9e d\u2019un jardin luxuriant Un ancien palais au coeur d\u2019un village m\u00e9di\u00e9val Une \u00c8glise au charme [&hellip;]<\/p>\n","protected":false},"author":2,"featured_media":0,"parent":0,"menu_order":0,"comment_status":"closed","ping_status":"closed","template":"template-slider.php","meta":{"_acf_changed":false,"_et_pb_use_builder":"","_et_pb_old_content":"","_et_gb_content_width":"","footnotes":""},"class_list":["post-222","page","type-page","status-publish","hentry"],"acf":[],"_links":{"self":[{"href":"https:\/\/weddings.rivieradivina.it\/fr\/wp-json\/wp\/v2\/pages\/222","targetHints":{"allow":["GET"]}}],"collection":[{"href":"https:\/\/weddings.rivieradivina.it\/fr\/wp-json\/wp\/v2\/pages"}],"about":[{"href":"https:\/\/weddings.rivieradivina.it\/fr\/wp-json\/wp\/v2\/types\/page"}],"author":[{"embeddable":true,"href":"https:\/\/weddings.rivieradivina.it\/fr\/wp-json\/wp\/v2\/users\/2"}],"replies":[{"embeddable":true,"href":"https:\/\/weddings.rivieradivina.it\/fr\/wp-json\/wp\/v2\/comments?post=222"}],"version-history":[{"count":4,"href":"https:\/\/weddings.rivieradivina.it\/fr\/wp-json\/wp\/v2\/pages\/222\/revisions"}],"predecessor-version":[{"id":1302,"href":"https:\/\/weddings.rivieradivina.it\/fr\/wp-json\/wp\/v2\/pages\/222\/revisions\/1302"}],"wp:attachment":[{"href":"https:\/\/weddings.rivieradivina.it\/fr\/wp-json\/wp\/v2\/media?parent=222"}],"curies":[{"name":"wp","href":"https:\/\/api.w.org\/{rel}","templated":true}]}}