{"id":5588,"date":"2025-02-20T11:53:11","date_gmt":"2025-02-20T11:53:11","guid":{"rendered":"https:\/\/weddings.rivieradivina.it\/ou-nous-sommes\/"},"modified":"2025-02-20T11:54:50","modified_gmt":"2025-02-20T11:54:50","slug":"ou-nous-sommes","status":"publish","type":"page","link":"https:\/\/weddings.rivieradivina.it\/fr\/ou-nous-sommes\/","title":{"rendered":"O\u00f9 nous sommes"},"content":{"rendered":"<p>[et_pb_section fb_built=&#8221;1&#8243; _builder_version=&#8221;4.27.0&#8243; _module_preset=&#8221;default&#8221; global_colors_info=&#8221;{}&#8221;][et_pb_row column_structure=&#8221;1_2,1_2&#8243; _builder_version=&#8221;4.27.0&#8243; _module_preset=&#8221;default&#8221; global_colors_info=&#8221;{}&#8221;][et_pb_column type=&#8221;1_2&#8243; _builder_version=&#8221;4.27.0&#8243; _module_preset=&#8221;default&#8221; global_colors_info=&#8221;{}&#8221;][et_pb_text admin_label=&#8221;Testo&#8221; _builder_version=&#8221;4.27.0&#8243; _module_preset=&#8221;default&#8221; hover_enabled=&#8221;0&#8243; global_colors_info=&#8221;{}&#8221; sticky_enabled=&#8221;0&#8243;]<\/p>\n<div class=\"flex max-w-full flex-col flex-grow\">\n<div class=\"min-h-8 text-message flex w-full flex-col items-end gap-2 whitespace-normal break-words text-start [.text-message+&amp;]:mt-5\" dir=\"auto\" data-message-author-role=\"assistant\" data-message-id=\"1dc6e39c-b375-4881-a391-a2e22d4a7709\" data-message-model-slug=\"gpt-4o-mini\">\n<div class=\"flex w-full flex-col gap-1 empty:hidden first:pt-[3px]\">\n<div class=\"markdown prose w-full break-words dark:prose-invert light\">\n<h3 data-start=\"81\" data-end=\"551\">&nbsp;<\/h3>\n<h3 data-start=\"81\" data-end=\"551\">Notre emplacement privil\u00e9gi\u00e9 s&#8217;\u00e9tend entre les magnifiques c\u00f4tes de la Ligurie et de la C\u00f4te d&#8217;Azur, alliant le charme des destinations italiennes et fran\u00e7aises les plus renomm\u00e9es. \u00c0 deux pas du glamour de Saint-Tropez, Cannes, Antibes, Nice, Monaco et Monte-Carlo, vous pourrez explorer les merveilles de la Riviera. En Italie, laissez-vous s\u00e9duire par l&#8217;\u00e9l\u00e9gance de Sanremo, Alassio, G\u00eanes, Portofino et des magnifiques Cinque Terre, o\u00f9 histoire, mer cristalline et atmosph\u00e8re unique se rencontrent.<\/h3>\n<\/div>\n<\/div>\n<\/div>\n<\/div>\n<p>[\/et_pb_text][\/et_pb_column][et_pb_column type=&#8221;1_2&#8243; _builder_version=&#8221;4.27.0&#8243; _module_preset=&#8221;default&#8221; global_colors_info=&#8221;{}&#8221;][et_pb_image src=&#8221;https:\/\/weddings.rivieradivina.it\/wp-content\/uploads\/2025\/02\/cartina-liguria-costa-azzurra-02.jpg&#8221; title_text=&#8221;cartina-liguria-costa-azzurra-02&#8243; _builder_version=&#8221;4.27.0&#8243; _module_preset=&#8221;default&#8221; global_colors_info=&#8221;{}&#8221;][\/et_pb_image][\/et_pb_column][\/et_pb_row][\/et_pb_section]<\/p>\n","protected":false},"excerpt":{"rendered":"<p>&nbsp; Notre emplacement privil\u00e9gi\u00e9 s&#8217;\u00e9tend entre les magnifiques c\u00f4tes de la Ligurie et de la C\u00f4te d&#8217;Azur, alliant le charme des destinations italiennes et fran\u00e7aises les plus renomm\u00e9es. \u00c0 deux pas du glamour de Saint-Tropez, Cannes, Antibes, Nice, Monaco et Monte-Carlo, vous pourrez explorer les merveilles de la Riviera. En Italie, laissez-vous s\u00e9duire par l&#8217;\u00e9l\u00e9gance [&hellip;]<\/p>\n","protected":false},"author":14,"featured_media":0,"parent":0,"menu_order":0,"comment_status":"closed","ping_status":"closed","template":"","meta":{"_acf_changed":false,"_et_pb_use_builder":"on","_et_pb_old_content":"","_et_gb_content_width":"","footnotes":""},"class_list":["post-5588","page","type-page","status-publish","hentry"],"acf":[],"_links":{"self":[{"href":"https:\/\/weddings.rivieradivina.it\/fr\/wp-json\/wp\/v2\/pages\/5588","targetHints":{"allow":["GET"]}}],"collection":[{"href":"https:\/\/weddings.rivieradivina.it\/fr\/wp-json\/wp\/v2\/pages"}],"about":[{"href":"https:\/\/weddings.rivieradivina.it\/fr\/wp-json\/wp\/v2\/types\/page"}],"author":[{"embeddable":true,"href":"https:\/\/weddings.rivieradivina.it\/fr\/wp-json\/wp\/v2\/users\/14"}],"replies":[{"embeddable":true,"href":"https:\/\/weddings.rivieradivina.it\/fr\/wp-json\/wp\/v2\/comments?post=5588"}],"version-history":[{"count":7,"href":"https:\/\/weddings.rivieradivina.it\/fr\/wp-json\/wp\/v2\/pages\/5588\/revisions"}],"predecessor-version":[{"id":5595,"href":"https:\/\/weddings.rivieradivina.it\/fr\/wp-json\/wp\/v2\/pages\/5588\/revisions\/5595"}],"wp:attachment":[{"href":"https:\/\/weddings.rivieradivina.it\/fr\/wp-json\/wp\/v2\/media?parent=5588"}],"curies":[{"name":"wp","href":"https:\/\/api.w.org\/{rel}","templated":true}]}}