{"id":775,"date":"2017-05-02T14:43:48","date_gmt":"2017-05-02T14:43:48","guid":{"rendered":"http:\/\/rdweddings.conteadinizza.it\/wordpress\/?page_id=775\/"},"modified":"2025-07-25T07:11:43","modified_gmt":"2025-07-25T07:11:43","slug":"contacts","status":"publish","type":"page","link":"https:\/\/weddings.rivieradivina.it\/fr\/contacts\/","title":{"rendered":"contacts"},"content":{"rendered":"<p>[et_pb_section fb_built=&#8221;1&#8243; custom_padding_last_edited=&#8221;on|desktop&#8221; _builder_version=&#8221;4.16&#8243; custom_padding=&#8221;54px||54px||true|false&#8221; custom_padding_tablet=&#8221;&#8221; custom_padding_phone=&#8221;&#8221; global_colors_info=&#8221;{}&#8221;][et_pb_row _builder_version=&#8221;4.16&#8243; _module_preset=&#8221;default&#8221; global_colors_info=&#8221;{}&#8221;][et_pb_column type=&#8221;4_4&#8243; _builder_version=&#8221;4.16&#8243; _module_preset=&#8221;default&#8221; global_colors_info=&#8221;{}&#8221;][et_pb_text _builder_version=&#8221;4.16&#8243; _module_preset=&#8221;default&#8221; width=&#8221;65%&#8221; width_tablet=&#8221;100%&#8221; width_phone=&#8221;&#8221; width_last_edited=&#8221;on|desktop&#8221; module_alignment=&#8221;left&#8221; custom_padding=&#8221;27px||27px||true|false&#8221; custom_padding_tablet=&#8221;&#8221; custom_padding_phone=&#8221;&#8221; custom_padding_last_edited=&#8221;on|desktop&#8221; module_alignment_tablet=&#8221;&#8221; module_alignment_phone=&#8221;&#8221; module_alignment_last_edited=&#8221;on|desktop&#8221; global_colors_info=&#8221;{}&#8221;]<\/p>\n<h3>CONTACTEZ-NOUS, SANS ENGAGEMENT, POUR PLUS D\u2019INFORMATIONS SUR NOS SERVICES POUR LES MARIAGES EN LIGURIE ET EN COTE D\u2019AZUR<\/h3>\n<p>&nbsp;<\/p>\n<p>[\/et_pb_text][\/et_pb_column][\/et_pb_row][et_pb_row column_structure=&#8221;2_3,1_3&#8243; use_custom_gutter=&#8221;on&#8221; gutter_width=&#8221;2&#8243; _builder_version=&#8221;4.16&#8243; background_size=&#8221;initial&#8221; background_position=&#8221;top_left&#8221; background_repeat=&#8221;repeat&#8221; global_colors_info=&#8221;{}&#8221;][et_pb_column type=&#8221;2_3&#8243; _builder_version=&#8221;4.16&#8243; custom_padding=&#8221;|||&#8221; global_colors_info=&#8221;{}&#8221; custom_padding__hover=&#8221;|||&#8221;][dvppl_cf7_styler _builder_version=&#8221;4.27.4&#8243; _module_preset=&#8221;default&#8221; cf7=&#8221;825&#8243; hover_enabled=&#8221;0&#8243; sticky_enabled=&#8221;0&#8243;][\/dvppl_cf7_styler][\/et_pb_column][et_pb_column type=&#8221;1_3&#8243; _builder_version=&#8221;4.16&#8243; custom_padding=&#8221;|||&#8221; global_colors_info=&#8221;{}&#8221; custom_padding__hover=&#8221;|||&#8221;][et_pb_image src=&#8221;https:\/\/weddings.rivieradivina.it\/wp-content\/uploads\/2021\/10\/Riviera-Divina-Weddings_LOGO-02.png&#8221; title_text=&#8221;Riviera-Divina-Weddings_LOGO-02&#8243; _builder_version=&#8221;4.16&#8243; _module_preset=&#8221;default&#8221; width=&#8221;80%&#8221; width_tablet=&#8221;50%&#8221; width_phone=&#8221;60%&#8221; width_last_edited=&#8221;on|desktop&#8221; module_alignment=&#8221;left&#8221; module_alignment_tablet=&#8221;left&#8221; module_alignment_phone=&#8221;&#8221; module_alignment_last_edited=&#8221;on|desktop&#8221; global_colors_info=&#8221;{}&#8221;][\/et_pb_image][et_pb_text _builder_version=&#8221;4.16&#8243; _module_preset=&#8221;default&#8221; global_colors_info=&#8221;{}&#8221;]<\/p>\n<h3>RIVIERA DIVINA WEDDINGS<\/h3>\n<p><strong><span style=\"color: #c3512f;\">Wedding Planners en Ligurie et Cote d\u2019Azur<\/span><\/strong><\/p>\n<p>Via Solaro 134\u00a0\u00b7 \u00a018038 Sanremo \u00b7 Italia<\/p>\n<p>Tel: +39 0184 666 986<\/p>\n<p>E-mail:\u00a0<a href=\"mailto:weddings@rivieradivina.it\">weddings@rivieradivina.it<\/a><\/p>\n<p>WhatsApp: <a href=\"https:\/\/wa.me\/393929510230\">+39 392 951 0230<\/a>[\/et_pb_text][\/et_pb_column][\/et_pb_row][\/et_pb_section]<\/p>\n","protected":false},"excerpt":{"rendered":"<p>CONTACTEZ-NOUS, SANS ENGAGEMENT, POUR PLUS D\u2019INFORMATIONS SUR NOS SERVICES POUR LES MARIAGES EN LIGURIE ET EN COTE D\u2019AZUR &nbsp;<div class=\"et_pb_module dvppl_cf7_styler dvppl_cf7_styler_0\">\n\t\t\t\t\n\t\t\t\t\n\t\t\t\t\n\t\t\t\t\n\t\t\t\t\n\t\t\t\t\n\t\t\t\t<div class=\"et_pb_module_inner\">\n\t\t\t\t\t<div class=\"dipe-cf7-container dipe-cf7-button-left\">\n\t\t\t\t\n\t\t\t\t<div class=\"dipe-cf7 dipe-cf7-styler \">\n\t\t\t\t\t\n<div class=\"wpcf7 no-js\" id=\"wpcf7-f825-o1\" lang=\"it-IT\" dir=\"ltr\" data-wpcf7-id=\"825\">\n<div class=\"screen-reader-response\"><p role=\"status\" aria-live=\"polite\" aria-atomic=\"true\"><\/p> <ul><\/ul><\/div>\n<form action=\"\/fr\/wp-json\/wp\/v2\/pages\/775#wpcf7-f825-o1\" method=\"post\" class=\"wpcf7-form init\" aria-label=\"Contact form\" novalidate=\"novalidate\" data-status=\"init\">\n<fieldset class=\"hidden-fields-container\"><input type=\"hidden\" name=\"_wpcf7\" value=\"825\" \/><input type=\"hidden\" name=\"_wpcf7_version\" value=\"6.1.5\" \/><input type=\"hidden\" name=\"_wpcf7_locale\" value=\"it_IT\" \/><input type=\"hidden\" name=\"_wpcf7_unit_tag\" value=\"wpcf7-f825-o1\" \/><input type=\"hidden\" name=\"_wpcf7_container_post\" value=\"0\" \/><input type=\"hidden\" name=\"_wpcf7_posted_data_hash\" value=\"\" \/><input type=\"hidden\" name=\"_wpcf7_recaptcha_response\" value=\"\" \/>\n<\/fieldset>\n<div class=\"cf7m-row\"><div class=\"cf7m-col cf7m-col-12\">\n<label>Nom et Pr\u00e9nom<\/label>\n<span class=\"wpcf7-form-control-wrap\" data-name=\"your-name\"><input size=\"40\" maxlength=\"400\" class=\"wpcf7-form-control wpcf7-text wpcf7-validates-as-required\" aria-required=\"true\" aria-invalid=\"false\" placeholder=\"Entrez votre nom complet\" value=\"\" type=\"text\" name=\"your-name\" \/><\/span>\n<\/div><\/div>\n\n<div class=\"cf7m-row\"><div class=\"cf7m-col cf7m-col-12\">\n<label>Email<\/label>\n<span class=\"wpcf7-form-control-wrap\" data-name=\"your-email\"><input size=\"40\" maxlength=\"400\" class=\"wpcf7-form-control wpcf7-email wpcf7-validates-as-required wpcf7-text wpcf7-validates-as-email\" aria-required=\"true\" aria-invalid=\"false\" placeholder=\"Entrez votre adresse e-mail\" value=\"\" type=\"email\" name=\"your-email\" \/><\/span>\n<\/div><\/div>\n\n<div class=\"cf7m-row\"><div class=\"cf7m-col cf7m-col-12\">\n<label>Portable<\/label>\n<span class=\"wpcf7-form-control-wrap\" data-name=\"your-phone\"><input size=\"40\" maxlength=\"400\" class=\"wpcf7-form-control wpcf7-text wpcf7-validates-as-required\" aria-required=\"true\" aria-invalid=\"false\" placeholder=\"Entrez votre num\u00e9ro de t\u00e9l\u00e9phone\" value=\"\" type=\"text\" name=\"your-phone\" \/><\/span>\n<\/div><\/div>\n\n<div class=\"cf7m-row\"><div class=\"cf7m-col cf7m-col-12\">\n<label>Ville (Nation)<\/label>\n<span class=\"wpcf7-form-control-wrap\" data-name=\"your-city\"><input size=\"40\" maxlength=\"400\" class=\"wpcf7-form-control wpcf7-text wpcf7-validates-as-required\" aria-required=\"true\" aria-invalid=\"false\" placeholder=\"Entrez votre ville et pays\" value=\"\" type=\"text\" name=\"your-city\" \/><\/span>\n<\/div><\/div>\n\n<div class=\"cf7m-row\"><div class=\"cf7m-col cf7m-col-12\">\n<label>Message<\/label>\n<span class=\"wpcf7-form-control-wrap\" data-name=\"your-message\"><textarea cols=\"40\" rows=\"10\" maxlength=\"2000\" class=\"wpcf7-form-control wpcf7-textarea wpcf7-validates-as-required\" aria-required=\"true\" aria-invalid=\"false\" placeholder=\"\u00c9crivez votre message ici\" name=\"your-message\"><\/textarea><\/span>\n<\/div><\/div>\n\n<div class=\"cf7m-row\"><div class=\"cf7m-col cf7m-col-12\">\n<span class=\"wpcf7-form-control-wrap\" data-name=\"your-privacy\"><span class=\"wpcf7-form-control wpcf7-checkbox wpcf7-validates-as-required\"><span class=\"wpcf7-list-item first last\"><input type=\"checkbox\" name=\"your-privacy&#091;&#093;\" value=\"Je d\u00e9clare que j&#039;ai lu et j&#039;accepte la Politique de confidentialit\u00e9\" \/><span class=\"wpcf7-list-item-label\">Je d\u00e9clare que j&#039;ai lu et j&#039;accepte la Politique de confidentialit\u00e9<\/span><\/span><\/span><\/span>\n<\/div><\/div>\n\n<input class=\"wpcf7-form-control wpcf7-hidden\" value=\"Wedding RivierDivina\" type=\"hidden\" name=\"sito-web\" \/>\n<input class=\"wpcf7-form-control wpcf7-hidden\" value=\"FR\" type=\"hidden\" name=\"lingua\" \/>\n<input class=\"wpcf7-form-control wpcf7-hidden\" value=\"--\" type=\"hidden\" name=\"your-azienda\" \/>\n\n\n<div class=\"cf7m-row\"><div class=\"cf7m-col cf7m-col-12\">\n<input class=\"wpcf7-form-control wpcf7-submit has-spinner\" type=\"submit\" value=\"ENVOYER\" \/>\n<\/div><\/div><div class=\"wpcf7-response-output\" aria-hidden=\"true\"><\/div>\n<\/form>\n<\/div>\n\n\t\t\t\t<\/div>\n\t\t\t<\/div>\n\t\t\t\t<\/div>\n\t\t\t<\/div>RIVIERA DIVINA WEDDINGS Wedding Planners en Ligurie et Cote d\u2019Azur Via Solaro 134\u00a0\u00b7 \u00a018038 Sanremo \u00b7 Italia Tel: +39 0184 666 986 E-mail:\u00a0weddings@rivieradivina.it WhatsApp: +39 392 951 0230<\/p>\n","protected":false},"author":3,"featured_media":0,"parent":0,"menu_order":0,"comment_status":"closed","ping_status":"closed","template":"","meta":{"_acf_changed":false,"_et_pb_use_builder":"on","_et_pb_old_content":"","_et_gb_content_width":"","footnotes":""},"class_list":["post-775","page","type-page","status-publish","hentry"],"acf":[],"_links":{"self":[{"href":"https:\/\/weddings.rivieradivina.it\/fr\/wp-json\/wp\/v2\/pages\/775","targetHints":{"allow":["GET"]}}],"collection":[{"href":"https:\/\/weddings.rivieradivina.it\/fr\/wp-json\/wp\/v2\/pages"}],"about":[{"href":"https:\/\/weddings.rivieradivina.it\/fr\/wp-json\/wp\/v2\/types\/page"}],"author":[{"embeddable":true,"href":"https:\/\/weddings.rivieradivina.it\/fr\/wp-json\/wp\/v2\/users\/3"}],"replies":[{"embeddable":true,"href":"https:\/\/weddings.rivieradivina.it\/fr\/wp-json\/wp\/v2\/comments?post=775"}],"version-history":[{"count":15,"href":"https:\/\/weddings.rivieradivina.it\/fr\/wp-json\/wp\/v2\/pages\/775\/revisions"}],"predecessor-version":[{"id":5902,"href":"https:\/\/weddings.rivieradivina.it\/fr\/wp-json\/wp\/v2\/pages\/775\/revisions\/5902"}],"wp:attachment":[{"href":"https:\/\/weddings.rivieradivina.it\/fr\/wp-json\/wp\/v2\/media?parent=775"}],"curies":[{"name":"wp","href":"https:\/\/api.w.org\/{rel}","templated":true}]}}